{"id":2119,"date":"2022-02-25T16:50:31","date_gmt":"2022-02-25T16:50:31","guid":{"rendered":"http:\/\/sumakawsay.org\/?page_id=2119"},"modified":"2024-10-09T06:14:02","modified_gmt":"2024-10-09T06:14:02","slug":"espiritualidad","status":"publish","type":"page","link":"https:\/\/sumakawsay.org\/en\/espiritualidad\/","title":{"rendered":"Spirituality"},"content":{"rendered":"<div data-elementor-type=\"wp-page\" data-elementor-id=\"2119\" class=\"elementor elementor-2119\" data-elementor-post-type=\"page\">\n\t\t\t\t\t\t<section class=\"elementor-section elementor-top-section elementor-element elementor-element-362e0ac elementor-section-boxed elementor-section-height-default elementor-section-height-default\" data-id=\"362e0ac\" data-element_type=\"section\" data-e-type=\"section\" data-settings=\"{&quot;background_background&quot;:&quot;classic&quot;}\">\n\t\t\t\t\t\t<div class=\"elementor-container elementor-column-gap-default\">\n\t\t\t\t\t<div class=\"elementor-column elementor-col-100 elementor-top-column elementor-element elementor-element-d90924b\" data-id=\"d90924b\" data-element_type=\"column\" data-e-type=\"column\">\n\t\t\t<div class=\"elementor-widget-wrap elementor-element-populated\">\n\t\t\t\t\t\t<div class=\"elementor-element elementor-element-2b7d1f8 elementor-invisible elementor-widget elementor-widget-heading\" data-id=\"2b7d1f8\" data-element_type=\"widget\" data-e-type=\"widget\" data-settings=\"{&quot;_animation&quot;:&quot;fadeIn&quot;,&quot;_animation_tablet&quot;:&quot;fadeIn&quot;}\" data-widget_type=\"heading.default\">\n\t\t\t\t<div class=\"elementor-widget-container\">\n\t\t\t\t\t<div class=\"elementor-heading-title elementor-size-default\">sumak kawsay<\/div>\t\t\t\t<\/div>\n\t\t\t\t<\/div>\n\t\t\t\t<div class=\"elementor-element elementor-element-47d36b6 elementor-invisible elementor-widget elementor-widget-heading\" data-id=\"47d36b6\" data-element_type=\"widget\" data-e-type=\"widget\" data-settings=\"{&quot;_animation&quot;:&quot;fadeIn&quot;,&quot;_animation_delay&quot;:100}\" data-widget_type=\"heading.default\">\n\t\t\t\t<div class=\"elementor-widget-container\">\n\t\t\t\t\t<h2 class=\"elementor-heading-title elementor-size-default\">Spirituality<\/h2>\t\t\t\t<\/div>\n\t\t\t\t<\/div>\n\t\t\t\t<div class=\"elementor-element elementor-element-b17a69b elementor-widget-divider--separator-type-pattern elementor-widget-divider--view-line elementor-widget elementor-widget-divider\" data-id=\"b17a69b\" data-element_type=\"widget\" data-e-type=\"widget\" data-widget_type=\"divider.default\">\n\t\t\t\t<div class=\"elementor-widget-container\">\n\t\t\t\t\t\t\t<div class=\"elementor-divider\" style=\"--divider-pattern-url: url(&quot;data:image\/svg+xml,%3Csvg xmlns=&#039;http:\/\/www.w3.org\/2000\/svg&#039; preserveAspectRatio=&#039;none&#039; overflow=&#039;visible&#039; height=&#039;100%&#039; viewBox=&#039;0 0 24 24&#039; fill=&#039;black&#039; stroke=&#039;none&#039;%3E%3Cpath d=&#039;M12.7,2.3c-0.4-0.4-1.1-0.4-1.5,0l-8,9.1c-0.3,0.4-0.3,0.9,0,1.2l8,9.1c0.4,0.4,1.1,0.4,1.5,0l8-9.1c0.3-0.4,0.3-0.9,0-1.2L12.7,2.3z&#039;\/%3E%3C\/svg%3E&quot;);\">\n\t\t\t<span class=\"elementor-divider-separator\">\n\t\t\t\t\t\t<\/span>\n\t\t<\/div>\n\t\t\t\t\t\t<\/div>\n\t\t\t\t<\/div>\n\t\t\t\t<div class=\"elementor-element elementor-element-73d358b elementor-invisible elementor-widget elementor-widget-text-editor\" data-id=\"73d358b\" data-element_type=\"widget\" data-e-type=\"widget\" data-settings=\"{&quot;_animation&quot;:&quot;fadeInRight&quot;,&quot;_animation_tablet&quot;:&quot;fadeIn&quot;}\" data-widget_type=\"text-editor.default\">\n\t\t\t\t<div class=\"elementor-widget-container\">\n\t\t\t\t\t\t\t\t\t<p><span style=\"font-weight: 400;\">Living in harmony with everything around us allows the vibrant presence of the Great Spirit to become a tangible part of our lives, guiding us through our daily lives and through the unknown beyond this existence.<\/span><\/p><p><span style=\"font-weight: 400;\">Our Andean spirituality seeks to unlock the wisdom that we carry within, transforming our lives into paths of love and simplicity. It encourages us to be our own guides, becoming the mirror through which divinity is reflected.<\/span><\/p><p><span style=\"font-weight: 400;\">We aspire to reconnect with nature, feeling the pulsating energy that entwines us with the cosmos. Recognizing that we are born from the same energy that creates the stars and the forests is a profound understanding of our sacred journey.<\/span><\/p><p><span style=\"font-weight: 400;\">Our spirituality invites us to return to our vibrant essence, to remember that we are not separate parts, but integral parts of the perfect universal design.<\/span><\/p>\t\t\t\t\t\t\t\t<\/div>\n\t\t\t\t<\/div>\n\t\t\t\t<div class=\"elementor-element elementor-element-971dcea elementor-widget elementor-widget-image\" data-id=\"971dcea\" data-element_type=\"widget\" data-e-type=\"widget\" data-widget_type=\"image.default\">\n\t\t\t\t<div class=\"elementor-widget-container\">\n\t\t\t\t\t\t\t\t\t\t\t\t\t\t\t<img fetchpriority=\"high\" decoding=\"async\" width=\"800\" height=\"378\" src=\"https:\/\/sumakawsay.org\/wp-content\/uploads\/2024\/10\/AyaPuma2024-14-1024x484.webp\" class=\"attachment-large size-large wp-image-2716\" alt=\"\" srcset=\"https:\/\/sumakawsay.org\/wp-content\/uploads\/2024\/10\/AyaPuma2024-14-1024x484.webp 1024w, https:\/\/sumakawsay.org\/wp-content\/uploads\/2024\/10\/AyaPuma2024-14-300x142.webp 300w, https:\/\/sumakawsay.org\/wp-content\/uploads\/2024\/10\/AyaPuma2024-14-768x363.webp 768w, https:\/\/sumakawsay.org\/wp-content\/uploads\/2024\/10\/AyaPuma2024-14-18x9.webp 18w, https:\/\/sumakawsay.org\/wp-content\/uploads\/2024\/10\/AyaPuma2024-14.webp 1500w\" sizes=\"(max-width: 800px) 100vw, 800px\" \/>\t\t\t\t\t\t\t\t\t\t\t\t\t\t\t<\/div>\n\t\t\t\t<\/div>\n\t\t\t\t<div class=\"elementor-element elementor-element-71365db elementor-widget-divider--separator-type-pattern elementor-widget-divider--view-line elementor-widget elementor-widget-divider\" data-id=\"71365db\" data-element_type=\"widget\" data-e-type=\"widget\" data-widget_type=\"divider.default\">\n\t\t\t\t<div class=\"elementor-widget-container\">\n\t\t\t\t\t\t\t<div class=\"elementor-divider\" style=\"--divider-pattern-url: url(&quot;data:image\/svg+xml,%3Csvg xmlns=&#039;http:\/\/www.w3.org\/2000\/svg&#039; preserveAspectRatio=&#039;none&#039; overflow=&#039;visible&#039; height=&#039;100%&#039; viewBox=&#039;0 0 24 24&#039; fill=&#039;black&#039; stroke=&#039;none&#039;%3E%3Cpath d=&#039;M12.7,2.3c-0.4-0.4-1.1-0.4-1.5,0l-8,9.1c-0.3,0.4-0.3,0.9,0,1.2l8,9.1c0.4,0.4,1.1,0.4,1.5,0l8-9.1c0.3-0.4,0.3-0.9,0-1.2L12.7,2.3z&#039;\/%3E%3C\/svg%3E&quot;);\">\n\t\t\t<span class=\"elementor-divider-separator\">\n\t\t\t\t\t\t<\/span>\n\t\t<\/div>\n\t\t\t\t\t\t<\/div>\n\t\t\t\t<\/div>\n\t\t\t\t\t<\/div>\n\t\t<\/div>\n\t\t\t\t\t<\/div>\n\t\t<\/section>\n\t\t\t\t<\/div>","protected":false},"excerpt":{"rendered":"<p>sumak kawsay Espiritualidad Vivir en armon\u00eda con todo lo que nos rodea permite que la presencia vibrante del Gran Esp\u00edritu se convierta en una parte tangible de nuestras vidas, gui\u00e1ndonos incluso a trav\u00e9s de lo desconocido m\u00e1s all\u00e1 de esta existencia. Nuestra espiritualidad andina busca desbloquear la sabidur\u00eda que llevamos dentro, transformando nuestras vidas en [&hellip;]<\/p>\n","protected":false},"author":2,"featured_media":0,"parent":0,"menu_order":0,"comment_status":"closed","ping_status":"closed","template":"elementor_header_footer","meta":{"footnotes":""},"class_list":["post-2119","page","type-page","status-publish","hentry"],"_links":{"self":[{"href":"https:\/\/sumakawsay.org\/en\/wp-json\/wp\/v2\/pages\/2119","targetHints":{"allow":["GET"]}}],"collection":[{"href":"https:\/\/sumakawsay.org\/en\/wp-json\/wp\/v2\/pages"}],"about":[{"href":"https:\/\/sumakawsay.org\/en\/wp-json\/wp\/v2\/types\/page"}],"author":[{"embeddable":true,"href":"https:\/\/sumakawsay.org\/en\/wp-json\/wp\/v2\/users\/2"}],"replies":[{"embeddable":true,"href":"https:\/\/sumakawsay.org\/en\/wp-json\/wp\/v2\/comments?post=2119"}],"version-history":[{"count":25,"href":"https:\/\/sumakawsay.org\/en\/wp-json\/wp\/v2\/pages\/2119\/revisions"}],"predecessor-version":[{"id":2911,"href":"https:\/\/sumakawsay.org\/en\/wp-json\/wp\/v2\/pages\/2119\/revisions\/2911"}],"wp:attachment":[{"href":"https:\/\/sumakawsay.org\/en\/wp-json\/wp\/v2\/media?parent=2119"}],"curies":[{"name":"wp","href":"https:\/\/api.w.org\/{rel}","templated":true}]}}