{"id":2398,"date":"2023-06-27T21:50:40","date_gmt":"2023-06-27T21:50:40","guid":{"rendered":"https:\/\/sumakawsay.org\/?page_id=2398"},"modified":"2024-12-07T21:49:26","modified_gmt":"2024-12-07T21:49:26","slug":"declaracion_de_fe","status":"publish","type":"page","link":"https:\/\/sumakawsay.org\/en\/declaracion_de_fe\/","title":{"rendered":"Statement of Faith"},"content":{"rendered":"<div data-elementor-type=\"wp-page\" data-elementor-id=\"2398\" class=\"elementor elementor-2398\" data-elementor-post-type=\"page\">\n\t\t\t\t\t\t<section class=\"elementor-section elementor-top-section elementor-element elementor-element-03d0b9e elementor-section-boxed elementor-section-height-default elementor-section-height-default\" data-id=\"03d0b9e\" data-element_type=\"section\" data-e-type=\"section\" data-settings=\"{&quot;background_background&quot;:&quot;classic&quot;}\">\n\t\t\t\t\t\t<div class=\"elementor-container elementor-column-gap-default\">\n\t\t\t\t\t<div class=\"elementor-column elementor-col-100 elementor-top-column elementor-element elementor-element-a4b94d2\" data-id=\"a4b94d2\" data-element_type=\"column\" data-e-type=\"column\">\n\t\t\t<div class=\"elementor-widget-wrap elementor-element-populated\">\n\t\t\t\t\t\t<div class=\"elementor-element elementor-element-1c4a171 elementor-invisible elementor-widget elementor-widget-heading\" data-id=\"1c4a171\" data-element_type=\"widget\" data-e-type=\"widget\" data-settings=\"{&quot;_animation&quot;:&quot;fadeIn&quot;,&quot;_animation_tablet&quot;:&quot;fadeIn&quot;}\" data-widget_type=\"heading.default\">\n\t\t\t\t<div class=\"elementor-widget-container\">\n\t\t\t\t\t<div class=\"elementor-heading-title elementor-size-default\">sumak kawsay<\/div>\t\t\t\t<\/div>\n\t\t\t\t<\/div>\n\t\t\t\t<div class=\"elementor-element elementor-element-6ecaa9a elementor-invisible elementor-widget elementor-widget-heading\" data-id=\"6ecaa9a\" data-element_type=\"widget\" data-e-type=\"widget\" data-settings=\"{&quot;_animation&quot;:&quot;fadeIn&quot;,&quot;_animation_delay&quot;:100}\" data-widget_type=\"heading.default\">\n\t\t\t\t<div class=\"elementor-widget-container\">\n\t\t\t\t\t<h2 class=\"elementor-heading-title elementor-size-default\">Statement of Faith<\/h2>\t\t\t\t<\/div>\n\t\t\t\t<\/div>\n\t\t\t\t<div class=\"elementor-element elementor-element-3cae8c9 elementor-widget-divider--separator-type-pattern elementor-widget-divider--view-line elementor-widget elementor-widget-divider\" data-id=\"3cae8c9\" data-element_type=\"widget\" data-e-type=\"widget\" data-widget_type=\"divider.default\">\n\t\t\t\t<div class=\"elementor-widget-container\">\n\t\t\t\t\t\t\t<div class=\"elementor-divider\" style=\"--divider-pattern-url: url(&quot;data:image\/svg+xml,%3Csvg xmlns=&#039;http:\/\/www.w3.org\/2000\/svg&#039; preserveAspectRatio=&#039;none&#039; overflow=&#039;visible&#039; height=&#039;100%&#039; viewBox=&#039;0 0 24 24&#039; fill=&#039;black&#039; stroke=&#039;none&#039;%3E%3Cpath d=&#039;M12.7,2.3c-0.4-0.4-1.1-0.4-1.5,0l-8,9.1c-0.3,0.4-0.3,0.9,0,1.2l8,9.1c0.4,0.4,1.1,0.4,1.5,0l8-9.1c0.3-0.4,0.3-0.9,0-1.2L12.7,2.3z&#039;\/%3E%3C\/svg%3E&quot;);\">\n\t\t\t<span class=\"elementor-divider-separator\">\n\t\t\t\t\t\t<\/span>\n\t\t<\/div>\n\t\t\t\t\t\t<\/div>\n\t\t\t\t<\/div>\n\t\t\t\t<div class=\"elementor-element elementor-element-73633a4 elementor-invisible elementor-widget elementor-widget-text-editor\" data-id=\"73633a4\" data-element_type=\"widget\" data-e-type=\"widget\" data-settings=\"{&quot;_animation&quot;:&quot;fadeInRight&quot;,&quot;_animation_tablet&quot;:&quot;fadeIn&quot;}\" data-widget_type=\"text-editor.default\">\n\t\t\t\t<div class=\"elementor-widget-container\">\n\t\t\t\t\t\t\t\t\t<p><span style=\"font-weight: 400;\">Independientemente de c\u00f3mo fue la historia de nuestras familias ind\u00edgenas y mestizas de Am\u00e9rica, nuestra tradici\u00f3n ha permanecido gracias a que los principios de identidad y sabidur\u00eda nativa, se han conservado en un proceso de transmisi\u00f3n oral y vivencial de nuestros m\u00e9dicos tradicionales. <\/span><\/p><p><span style=\"font-weight: 400;\">Han sido los curanderos tradicionales los que han conservado, practicado y vivido los principios del Sumak Kawsay. <\/span><\/p><p><span style=\"font-weight: 400;\">De nuestros abuelos aprendimos que esas ense\u00f1anzas, sencillas y amorosas, pueden resumirse en cuatro enunciados que rigen los principios del conocimiento.<\/span><\/p><p><span style=\"font-weight: 400;\">Sumak Kawsay is a lifestyle that is based on 4 fundamentals:<\/span><\/p>\t\t\t\t\t\t\t\t<\/div>\n\t\t\t\t<\/div>\n\t\t\t\t<div class=\"elementor-element elementor-element-4b7d836 elementor-widget elementor-widget-heading\" data-id=\"4b7d836\" data-element_type=\"widget\" data-e-type=\"widget\" data-widget_type=\"heading.default\">\n\t\t\t\t<div class=\"elementor-widget-container\">\n\t\t\t\t\t<h2 class=\"elementor-heading-title elementor-size-default\">SUMAK KAMA\u00d1A y JATUN MUSKUY<\/h2>\t\t\t\t<\/div>\n\t\t\t\t<\/div>\n\t\t\t\t<div class=\"elementor-element elementor-element-a2e05a9 elementor-invisible elementor-widget elementor-widget-text-editor\" data-id=\"a2e05a9\" data-element_type=\"widget\" data-e-type=\"widget\" data-settings=\"{&quot;_animation&quot;:&quot;fadeInRight&quot;,&quot;_animation_tablet&quot;:&quot;fadeIn&quot;}\" data-widget_type=\"text-editor.default\">\n\t\t\t\t<div class=\"elementor-widget-container\">\n\t\t\t\t\t\t\t\t\t<p><span style=\"font-weight: 400; font-family: var( --e-global-typography-text-font-family ), Sans-serif; font-size: var( --e-global-typography-text-font-size ); letter-spacing: 0.32px;\">The beautiful sharing: a manifestation of the collective dream and the individual dream. We come into this life to share our dreams.<\/span><\/p>\t\t\t\t\t\t\t\t<\/div>\n\t\t\t\t<\/div>\n\t\t\t\t<div class=\"elementor-element elementor-element-b0a2df0 elementor-widget elementor-widget-heading\" data-id=\"b0a2df0\" data-element_type=\"widget\" data-e-type=\"widget\" data-widget_type=\"heading.default\">\n\t\t\t\t<div class=\"elementor-widget-container\">\n\t\t\t\t\t<h2 class=\"elementor-heading-title elementor-size-default\">JAMPI KAWSAY<\/h2>\t\t\t\t<\/div>\n\t\t\t\t<\/div>\n\t\t\t\t<div class=\"elementor-element elementor-element-79fc32c elementor-invisible elementor-widget elementor-widget-text-editor\" data-id=\"79fc32c\" data-element_type=\"widget\" data-e-type=\"widget\" data-settings=\"{&quot;_animation&quot;:&quot;fadeInRight&quot;,&quot;_animation_tablet&quot;:&quot;fadeIn&quot;}\" data-widget_type=\"text-editor.default\">\n\t\t\t\t<div class=\"elementor-widget-container\">\n\t\t\t\t\t\t\t\t\t<p><span style=\"font-weight: 400;\">Life is medicine: everything is medicine and health is essential. We are medicine and everything around us is to help us heal.<\/span><\/p>\t\t\t\t\t\t\t\t<\/div>\n\t\t\t\t<\/div>\n\t\t\t\t<div class=\"elementor-element elementor-element-875a249 elementor-widget elementor-widget-heading\" data-id=\"875a249\" data-element_type=\"widget\" data-e-type=\"widget\" data-widget_type=\"heading.default\">\n\t\t\t\t<div class=\"elementor-widget-container\">\n\t\t\t\t\t<h2 class=\"elementor-heading-title elementor-size-default\">TUCUY YACHAY<\/h2>\t\t\t\t<\/div>\n\t\t\t\t<\/div>\n\t\t\t\t<div class=\"elementor-element elementor-element-8cba76e elementor-invisible elementor-widget elementor-widget-text-editor\" data-id=\"8cba76e\" data-element_type=\"widget\" data-e-type=\"widget\" data-settings=\"{&quot;_animation&quot;:&quot;fadeInRight&quot;,&quot;_animation_tablet&quot;:&quot;fadeIn&quot;}\" data-widget_type=\"text-editor.default\">\n\t\t\t\t<div class=\"elementor-widget-container\">\n\t\t\t\t\t\t\t\t\t<p><span style=\"font-weight: 400;\">Everything is wisdom: we appreciate everything that surrounds us because everything has wisdom. This awareness leads us to maintain a lifestyle close to nature because it is she who keeps alive the memory of ancestral wisdom.<\/span><\/p>\t\t\t\t\t\t\t\t<\/div>\n\t\t\t\t<\/div>\n\t\t\t\t<div class=\"elementor-element elementor-element-c5c2419 elementor-widget elementor-widget-heading\" data-id=\"c5c2419\" data-element_type=\"widget\" data-e-type=\"widget\" data-widget_type=\"heading.default\">\n\t\t\t\t<div class=\"elementor-widget-container\">\n\t\t\t\t\t<h2 class=\"elementor-heading-title elementor-size-default\">PACHAMAMA<\/h2>\t\t\t\t<\/div>\n\t\t\t\t<\/div>\n\t\t\t\t<div class=\"elementor-element elementor-element-f03eaf7 elementor-invisible elementor-widget elementor-widget-text-editor\" data-id=\"f03eaf7\" data-element_type=\"widget\" data-e-type=\"widget\" data-settings=\"{&quot;_animation&quot;:&quot;fadeInRight&quot;,&quot;_animation_tablet&quot;:&quot;fadeIn&quot;}\" data-widget_type=\"text-editor.default\">\n\t\t\t\t<div class=\"elementor-widget-container\">\n\t\t\t\t\t\t\t\t\t<p><span style=\"font-weight: 400;\">The time of the mother: We recognize ourselves as children of Mother Earth and relatives of all beings that inhabit her. The Mother is considered, honored, and respected as a living and ancient being. Our family is everything and everyone inhabiting this planet - plants, animals, fungi, and minerals. All living beings must be protected, honored, and respected.<\/span><\/p>\t\t\t\t\t\t\t\t<\/div>\n\t\t\t\t<\/div>\n\t\t\t\t<div class=\"elementor-element elementor-element-eb63708 elementor-widget elementor-widget-image\" data-id=\"eb63708\" data-element_type=\"widget\" data-e-type=\"widget\" data-widget_type=\"image.default\">\n\t\t\t\t<div class=\"elementor-widget-container\">\n\t\t\t\t\t\t\t\t\t\t\t\t\t\t\t<img fetchpriority=\"high\" decoding=\"async\" width=\"800\" height=\"534\" src=\"https:\/\/sumakawsay.org\/wp-content\/uploads\/2024\/10\/AyaPuma2024-57-1024x683.webp\" class=\"attachment-large size-large wp-image-2680\" alt=\"\" srcset=\"https:\/\/sumakawsay.org\/wp-content\/uploads\/2024\/10\/AyaPuma2024-57-1024x683.webp 1024w, https:\/\/sumakawsay.org\/wp-content\/uploads\/2024\/10\/AyaPuma2024-57-300x200.webp 300w, https:\/\/sumakawsay.org\/wp-content\/uploads\/2024\/10\/AyaPuma2024-57-768x512.webp 768w, https:\/\/sumakawsay.org\/wp-content\/uploads\/2024\/10\/AyaPuma2024-57-18x12.webp 18w, https:\/\/sumakawsay.org\/wp-content\/uploads\/2024\/10\/AyaPuma2024-57.webp 1500w\" sizes=\"(max-width: 800px) 100vw, 800px\" \/>\t\t\t\t\t\t\t\t\t\t\t\t\t\t\t<\/div>\n\t\t\t\t<\/div>\n\t\t\t\t<div class=\"elementor-element elementor-element-8a6282a elementor-widget-divider--separator-type-pattern elementor-widget-divider--view-line elementor-widget elementor-widget-divider\" data-id=\"8a6282a\" data-element_type=\"widget\" data-e-type=\"widget\" data-widget_type=\"divider.default\">\n\t\t\t\t<div class=\"elementor-widget-container\">\n\t\t\t\t\t\t\t<div class=\"elementor-divider\" style=\"--divider-pattern-url: url(&quot;data:image\/svg+xml,%3Csvg xmlns=&#039;http:\/\/www.w3.org\/2000\/svg&#039; preserveAspectRatio=&#039;none&#039; overflow=&#039;visible&#039; height=&#039;100%&#039; viewBox=&#039;0 0 24 24&#039; fill=&#039;black&#039; stroke=&#039;none&#039;%3E%3Cpath d=&#039;M12.7,2.3c-0.4-0.4-1.1-0.4-1.5,0l-8,9.1c-0.3,0.4-0.3,0.9,0,1.2l8,9.1c0.4,0.4,1.1,0.4,1.5,0l8-9.1c0.3-0.4,0.3-0.9,0-1.2L12.7,2.3z&#039;\/%3E%3C\/svg%3E&quot;);\">\n\t\t\t<span class=\"elementor-divider-separator\">\n\t\t\t\t\t\t<\/span>\n\t\t<\/div>\n\t\t\t\t\t\t<\/div>\n\t\t\t\t<\/div>\n\t\t\t\t\t<\/div>\n\t\t<\/div>\n\t\t\t\t\t<\/div>\n\t\t<\/section>\n\t\t\t\t<\/div>","protected":false},"excerpt":{"rendered":"<p>sumak kawsay Declaraci\u00f3n de Fe Independientemente de c\u00f3mo fue la historia de nuestras familias ind\u00edgenas y mestizas de Am\u00e9rica, nuestra tradici\u00f3n ha permanecido gracias a que los principios de identidad y sabidur\u00eda nativa, se han conservado en un proceso de transmisi\u00f3n oral y vivencial de nuestros m\u00e9dicos tradicionales. Han sido los curanderos tradicionales los que [&hellip;]<\/p>\n","protected":false},"author":2,"featured_media":0,"parent":0,"menu_order":0,"comment_status":"closed","ping_status":"closed","template":"elementor_header_footer","meta":{"footnotes":""},"class_list":["post-2398","page","type-page","status-publish","hentry"],"_links":{"self":[{"href":"https:\/\/sumakawsay.org\/en\/wp-json\/wp\/v2\/pages\/2398","targetHints":{"allow":["GET"]}}],"collection":[{"href":"https:\/\/sumakawsay.org\/en\/wp-json\/wp\/v2\/pages"}],"about":[{"href":"https:\/\/sumakawsay.org\/en\/wp-json\/wp\/v2\/types\/page"}],"author":[{"embeddable":true,"href":"https:\/\/sumakawsay.org\/en\/wp-json\/wp\/v2\/users\/2"}],"replies":[{"embeddable":true,"href":"https:\/\/sumakawsay.org\/en\/wp-json\/wp\/v2\/comments?post=2398"}],"version-history":[{"count":35,"href":"https:\/\/sumakawsay.org\/en\/wp-json\/wp\/v2\/pages\/2398\/revisions"}],"predecessor-version":[{"id":3086,"href":"https:\/\/sumakawsay.org\/en\/wp-json\/wp\/v2\/pages\/2398\/revisions\/3086"}],"wp:attachment":[{"href":"https:\/\/sumakawsay.org\/en\/wp-json\/wp\/v2\/media?parent=2398"}],"curies":[{"name":"wp","href":"https:\/\/api.w.org\/{rel}","templated":true}]}}